{"id":6111,"date":"2018-04-18T08:24:08","date_gmt":"2018-04-18T08:24:08","guid":{"rendered":"http:\/\/www.thecloseconcept.com\/\/?page_id=6111"},"modified":"2023-03-06T20:52:03","modified_gmt":"2023-03-06T20:52:03","slug":"who-we-are","status":"publish","type":"page","link":"https:\/\/www.thecloseconcept.com\/en\/who-we-are\/","title":{"rendered":"who we are"},"content":{"rendered":"<p>Es gibt viele Faktoren, die den Preis einer Aufgabe bestimmen. Dazu geh\u00f6ren die Frist, das akademische Niveau und die Komplexit\u00e4t.<a href=\"https:\/\/hausarbeiten-schreiben-lassen.com\/hausarbeit-schreiben-lassen-kosten\/\">hausarbeit schreiben lassen preise<\/a> Dar\u00fcber hinaus ist die Qualit\u00e4t des Dienstes eine weitere wichtige \u00dcberlegung. Vertrauensw\u00fcrdige Unternehmen haben transparente Preissysteme und erm\u00f6glichen es Kunden, den Preis gegebenenfalls anzupassen.<\/p>\n<p>[vc_row section_content=&#8221;inside_container&#8221; no_padding=&#8221;true&#8221; bg_type=&#8221;&#8221; dima_canvas_style=&#8221;&#8221; translate_x=&#8221;0&#8243; dima_z_index=&#8221;0&#8243; animate_item=&#8221;&#8221; delay_duration=&#8221;&#8221; delay_offset=&#8221;&#8221; id=&#8221;&#8221; class=&#8221;&#8221; border_color=&#8221;&#8221;][vc_column bg_type=&#8221;&#8221; dima_canvas_style=&#8221;&#8221; min_height=&#8221;&#8221; translate_x=&#8221;0&#8243; dima_z_index=&#8221;0&#8243; delay=&#8221;&#8221; delay_duration=&#8221;&#8221; delay_offset=&#8221;&#8221; width=&#8221;1\/1&#8243;]\n\t<div class=\"wpb_content_element quienes_txt_1\" >\n\t\t<div class=\"wpb_wrapper\">\n\t\t\t<p><strong><span class=\"txt_blau\">close communication<\/span> <\/strong>is an<strong> independent global communications consultancy.\u00a0<\/strong>Throughout more than 25 years, we have developed a working style based on achieving good results through personalisation and emotion.<\/p>\n\n\t\t<\/div> \n\t<\/div> [\/vc_column][\/vc_row][vc_row section_content=&#8221;inside_container&#8221; no_padding=&#8221;true&#8221; bg_type=&#8221;&#8221; dima_canvas_style=&#8221;&#8221; translate_x=&#8221;0&#8243; dima_z_index=&#8221;0&#8243; animate_item=&#8221;&#8221; delay_duration=&#8221;&#8221; delay_offset=&#8221;&#8221; id=&#8221;&#8221; class=&#8221;quienes_icon_row&#8221; border_color=&#8221;&#8221; css=&#8221;.vc_custom_1519304328935{margin-bottom: 70px !important;}&#8221;][vc_column bg_type=&#8221;&#8221; dima_canvas_style=&#8221;&#8221; min_height=&#8221;&#8221; translate_x=&#8221;0&#8243; dima_z_index=&#8221;0&#8243; delay=&#8221;&#8221; delay_duration=&#8221;&#8221; delay_offset=&#8221;&#8221; width=&#8221;1\/3&#8243;]<div  class=\"dima-iconbox no-box text-center\" data-animate=transition.slideUpIn style=\"\"><header  class=\"icon-box-header  box-none\"  ><div class=\"image-cropper thumb  medium   \" ><img loading=\"lazy\" decoding=\"async\" class=\"background-image\" src=\"https:\/\/www.thecloseconcept.com\/wp-content\/uploads\/2018\/02\/home_icon_1-2.png\" width=\"64\" height=\"53\" alt=\"\"><\/div><\/header><div  class=\"features-content\"  ><h5 class=\"features-title\" ><\/h5><span class=\"dima-divider line-center line-hr small-line\"><\/span>\n<p style=\"text-align: center;\"><strong>Efficient emotion<\/strong> to impulse an<br \/>\noutstanding\u00a0communication that<br \/>\nconveys the right message.<\/p>\n<\/div><\/div>[\/vc_column][vc_column bg_type=&#8221;&#8221; dima_canvas_style=&#8221;&#8221; min_height=&#8221;&#8221; translate_x=&#8221;0&#8243; dima_z_index=&#8221;0&#8243; delay=&#8221;&#8221; delay_duration=&#8221;&#8221; delay_offset=&#8221;&#8221; width=&#8221;1\/3&#8243;]<div  class=\"dima-iconbox quienes_icon_center no-box text-center\" data-animate=transition.slideUpIn data-delay=1500 style=\"\"><header  class=\"icon-box-header  box-none\"  ><div class=\"image-cropper thumb  medium   \" ><img loading=\"lazy\" decoding=\"async\" class=\"background-image\" src=\"https:\/\/www.thecloseconcept.com\/wp-content\/uploads\/2018\/02\/icon_quienes_chat.png\" width=\"64\" height=\"53\" alt=\"\"><\/div><\/header><div  class=\"features-content\"  ><h5 class=\"features-title\" ><\/h5><span class=\"dima-divider line-center line-hr small-line\"><\/span>\n<p style=\"text-align: center;\"><strong>Our raw material<\/strong> <strong>is information<\/strong><br \/>\nbut also the values of each company<br \/>\nor brand.<\/p>\n<\/div><\/div>[\/vc_column][vc_column bg_type=&#8221;&#8221; dima_canvas_style=&#8221;&#8221; min_height=&#8221;&#8221; translate_x=&#8221;0&#8243; dima_z_index=&#8221;0&#8243; delay=&#8221;&#8221; delay_duration=&#8221;&#8221; delay_offset=&#8221;&#8221; width=&#8221;1\/3&#8243;]<div  class=\"dima-iconbox no-box text-center\" data-animate=transition.slideUpIn data-delay=2000 style=\"\"><header  class=\"icon-box-header  box-none\"  ><div class=\"image-cropper thumb  medium   \" ><img loading=\"lazy\" decoding=\"async\" class=\"background-image\" src=\"https:\/\/www.thecloseconcept.com\/wp-content\/uploads\/2018\/04\/icone-quienes-somos_4.jpg\" width=\"64\" height=\"53\" alt=\"\"><\/div><\/header><div  class=\"features-content\"  ><h5 class=\"features-title\" ><\/h5><span class=\"dima-divider line-center line-hr small-line\"><\/span>\n<p style=\"text-align: center;\">Our clients perfectly know<br \/>\n<strong>what we can do for them<\/strong> but<strong><br \/>\n<\/strong> they specially\u00a0know how important<br \/>\nis to us<strong> how we do it.\u00a0\u00a0<\/strong><\/p>\n<\/div><\/div>[\/vc_column][\/vc_row][vc_row section_content=&#8221;inside_container&#8221; bg_type=&#8221;&#8221; dima_canvas_style=&#8221;&#8221; top_shape_color=&#8221;#ffffff&#8221; bottom_shape_color=&#8221;#ffffff&#8221; bottom_shape_bg_color=&#8221;#5aa5d6&#8243; translate_x=&#8221;0&#8243; dima_z_index=&#8221;0&#8243; animate_item=&#8221;&#8221; delay_duration=&#8221;&#8221; delay_offset=&#8221;&#8221; id=&#8221;&#8221; class=&#8221;row_blau&#8221; border_color=&#8221;&#8221;][vc_column bg_type=&#8221;&#8221; dima_canvas_style=&#8221;&#8221; min_height=&#8221;&#8221; translate_x=&#8221;0&#8243; dima_z_index=&#8221;0&#8243; delay=&#8221;&#8221; delay_duration=&#8221;&#8221; delay_offset=&#8221;&#8221; width=&#8221;1\/1&#8243; id=&#8221;&#8221; class=&#8221;quienes_foto&#8221; style=&#8221;&#8221; border_color=&#8221;&#8221;]<div id=\"foto_laura\" class=\"dima-img column-item overflow-hidden\"       ><img loading=\"lazy\" decoding=\"async\" class=\"dima_image-img dima-image \" src=\"https:\/\/www.thecloseconcept.com\/wp-content\/uploads\/2017\/08\/Foto-Laura-380x275.jpg\" width=\"380\" height=\"275\" alt=\"alt=&quot;&quot;\" title=\"Foto Laura\" \/><\/div>\n\t<div class=\"wpb_content_element txt_texto_laura\" >\n\t\t<div class=\"wpb_wrapper\">\n\t\t\t<p><span class=\"playfont\">LAURA PUJOL<\/span><\/p>\n<p><strong>close communication<\/strong>\u00a0is integrated by a flexible and multidisciplinar teamd with the lead of Laura Pujol, keen on languages, communication and marketing. Her CV, the dozens of projects she&#8217;s worked in, her constant contact with media, journalists and creative experts are the main ingredients of her know-how as far as global communication strategies design is concerned. She knows well the worlds of advertising and public relations: she is also an specialist in organising corporate trips and international events.<\/p>\n<p>She believes in <strong>nearness, transparency<\/strong> and in giving her <strong>personal<\/strong> touch to whatever she does.<\/p>\n<div class=\"social-media fill-icon dima_add_hover social-medium circle-social float-start\">\n<ul>\n<li><a href=\"http:\/\/www.linkedin.com\/in\/laurapujolterradellas\"><br \/>\n<i class=\"fa fa-linkedin\"><\/i><\/a><\/li>\n<li><a href=\"https:\/\/www.thecloseconcept.com\/\/laura-friends\/\"><br \/>\n<i class=\"fa fa-rss\"><\/i><\/a><\/li>\n<\/ul>\n<\/div>\n\n\t\t<\/div> \n\t<\/div> [\/vc_column][\/vc_row][vc_row disable_element=&#8221;yes&#8221; bg_type=&#8221;&#8221; dima_canvas_style=&#8221;&#8221; translate_x=&#8221;0&#8243; dima_z_index=&#8221;0&#8243; animate_item=&#8221;&#8221; delay_duration=&#8221;&#8221; delay_offset=&#8221;&#8221; id=&#8221;&#8221; class=&#8221;&#8221; border_color=&#8221;&#8221;][vc_column bg_type=&#8221;&#8221; dima_canvas_style=&#8221;&#8221; min_height=&#8221;&#8221; translate_x=&#8221;0&#8243; dima_z_index=&#8221;0&#8243; delay=&#8221;&#8221; delay_duration=&#8221;&#8221; delay_offset=&#8221;&#8221; width=&#8221;1\/1&#8243;]\n\t<div class=\"wpb_content_element \" >\n\t\t<div class=\"wpb_wrapper\">\n\t\t\t<p>Su amplio curr\u00edculum, las decenas de proyectos, el contacto constante con los medios, los profesionales de la informaci\u00f3n y los creativos son los ingredientes principales de su know-how aplicado al dise\u00f1o global de estrategias de comunicaci\u00f3n. Conocedora del mundo de la publicidad, las relaciones p\u00fablicas, tambi\u00e9n es especialista en viajes corporativos y organizaci\u00f3n eventos internacionales.<\/p>\n<p>Cree en el trato de <strong>cercan\u00eda<\/strong>, en la <strong>transparencia <\/strong>y en darle a las cosas un <strong>toque personal<\/strong>.<\/p>\n\n\t\t<\/div> \n\t<\/div> [\/vc_column][\/vc_row]<\/p>\n","protected":false},"excerpt":{"rendered":"<p>Es gibt viele Faktoren, die den Preis einer Aufgabe bestimmen. Dazu geh\u00f6ren die Frist, das akademische Niveau und die Komplexit\u00e4t.hausarbeit schreiben lassen preise Dar\u00fcber hinaus ist die Qualit\u00e4t des Dienstes eine weitere wichtige \u00dcberlegung. Vertrauensw\u00fcrdige Unternehmen haben transparente Preissysteme und erm\u00f6glichen es Kunden, den Preis gegebenenfalls anzupassen. [vc_row section_content=&#8221;inside_container&#8221; no_padding=&#8221;true&#8221; bg_type=&#8221;&#8221; dima_canvas_style=&#8221;&#8221; translate_x=&#8221;0&#8243; dima_z_index=&#8221;0&#8243; animate_item=&#8221;&#8221; [&hellip;]<\/p>\n","protected":false},"author":1,"featured_media":0,"parent":0,"menu_order":0,"comment_status":"closed","ping_status":"closed","template":"template-no-sidebar.php","meta":{"footnotes":""},"class_list":["post-6111","page","type-page","status-publish","hentry"],"amp_enabled":false,"_links":{"self":[{"href":"https:\/\/www.thecloseconcept.com\/en\/wp-json\/wp\/v2\/pages\/6111","targetHints":{"allow":["GET"]}}],"collection":[{"href":"https:\/\/www.thecloseconcept.com\/en\/wp-json\/wp\/v2\/pages"}],"about":[{"href":"https:\/\/www.thecloseconcept.com\/en\/wp-json\/wp\/v2\/types\/page"}],"author":[{"embeddable":true,"href":"https:\/\/www.thecloseconcept.com\/en\/wp-json\/wp\/v2\/users\/1"}],"replies":[{"embeddable":true,"href":"https:\/\/www.thecloseconcept.com\/en\/wp-json\/wp\/v2\/comments?post=6111"}],"version-history":[{"count":14,"href":"https:\/\/www.thecloseconcept.com\/en\/wp-json\/wp\/v2\/pages\/6111\/revisions"}],"predecessor-version":[{"id":7400,"href":"https:\/\/www.thecloseconcept.com\/en\/wp-json\/wp\/v2\/pages\/6111\/revisions\/7400"}],"wp:attachment":[{"href":"https:\/\/www.thecloseconcept.com\/en\/wp-json\/wp\/v2\/media?parent=6111"}],"curies":[{"name":"wp","href":"https:\/\/api.w.org\/{rel}","templated":true}]}}