{"id":6001,"date":"2018-03-29T07:57:14","date_gmt":"2018-03-29T07:57:14","guid":{"rendered":"http:\/\/www.thecloseconcept.com\/\/?page_id=6001"},"modified":"2021-01-08T15:21:49","modified_gmt":"2021-01-08T15:21:49","slug":"home","status":"publish","type":"page","link":"https:\/\/www.thecloseconcept.com\/ca\/","title":{"rendered":"Home"},"content":{"rendered":"<p>[vc_row no_padding=&#8221;true&#8221; bg_type=&#8221;&#8221; dima_canvas_style=&#8221;&#8221; translate_x=&#8221;0&#8243; dima_z_index=&#8221;0&#8243; delay=&#8221;&#8221; animate_item=&#8221;&#8221; delay_duration=&#8221;&#8221; delay_offset=&#8221;&#8221; id=&#8221;&#8221; class=&#8221;&#8221; border_color=&#8221;&#8221; css=&#8221;.vc_custom_1518794767531{margin-top: 10px !important;}&#8221;][vc_column min_height=&#8221;&#8221; bg_type=&#8221;&#8221; dima_canvas_style=&#8221;&#8221; translate_x=&#8221;0&#8243; dima_z_index=&#8221;0&#8243; delay=&#8221;&#8221; animate_item=&#8221;&#8221; delay_duration=&#8221;&#8221; delay_offset=&#8221;&#8221; width=&#8221;1\/1&#8243; id=&#8221;&#8221; class=&#8221;home_icon_header&#8221; style=&#8221;&#8221; border_color=&#8221;&#8221;]<h1  class=\"dima-custom-heading titulo_home text-center\"   ><\/p>\n<h1 style=\"text-align: center;\">Qu\u00e8 \u00e9s <span class=\"txt_blau\">close<\/span> communication?<\/h1>\n<hr \/>\n<p><\/h1>[\/vc_column][\/vc_row][vc_row section_content=&#8221;inside_container&#8221; no_padding=&#8221;true&#8221; bg_type=&#8221;&#8221; dima_canvas_style=&#8221;&#8221; translate_x=&#8221;0&#8243; dima_z_index=&#8221;0&#8243; delay=&#8221;&#8221; animate_item=&#8221;&#8221; delay_duration=&#8221;&#8221; delay_offset=&#8221;&#8221; id=&#8221;&#8221; class=&#8221;iconos_home&#8221; border_color=&#8221;&#8221; css=&#8221;.vc_custom_1518795228576{margin-bottom: 150px !important;}&#8221;][vc_column min_height=&#8221;&#8221; bg_type=&#8221;&#8221; dima_canvas_style=&#8221;&#8221; translate_x=&#8221;0&#8243; dima_z_index=&#8221;0&#8243; delay=&#8221;&#8221; animate_item=&#8221;&#8221; delay_duration=&#8221;&#8221; delay_offset=&#8221;&#8221; width=&#8221;1\/4&#8243;]<div  class=\"dima-iconbox no-box text-center\" data-animate=transition.fadeIn style=\"\"><header  class=\"icon-box-header  box-none\"  ><div class=\"image-cropper thumb  medium   \" ><img loading=\"lazy\" decoding=\"async\" class=\"background-image\" src=\"https:\/\/www.thecloseconcept.com\/wp-content\/uploads\/2018\/02\/home_icon_1-2.png\" width=\"64\" height=\"53\" alt=\"\"><\/div><\/header><div  class=\"features-content\"  ><h5 class=\"features-title\" >Emoci\u00f3<\/h5><span class=\"dima-divider line-center line-hr small-line\"><\/span><strong>Emoci\u00f3 efica\u00e7<\/strong> per impulsar una comunicaci\u00f3 que destaqui i transmeti\u00a0<i>el missatge adequat<\/i>.<\/div><\/div>[\/vc_column][vc_column min_height=&#8221;&#8221; bg_type=&#8221;&#8221; dima_canvas_style=&#8221;&#8221; translate_x=&#8221;0&#8243; dima_z_index=&#8221;0&#8243; delay=&#8221;&#8221; animate_item=&#8221;&#8221; delay_duration=&#8221;&#8221; delay_offset=&#8221;&#8221; width=&#8221;1\/4&#8243;]<div  class=\"dima-iconbox no-box text-center\" data-animate=transition.fadeIn data-delay=1000 style=\"\"><header  class=\"icon-box-header  box-none\"  ><div class=\"image-cropper thumb  medium   \" ><img loading=\"lazy\" decoding=\"async\" class=\"background-image\" src=\"https:\/\/www.thecloseconcept.com\/wp-content\/uploads\/2018\/02\/home_icon_2.png\" width=\"70\" height=\"53\" alt=\"\"><\/div><\/header><div  class=\"features-content\"  ><h5 class=\"features-title\" >Veracitat<\/h5><span class=\"dima-divider line-center line-hr small-line\"><\/span><strong>Informaci\u00f3 vera\u00e7<\/strong> com a mat\u00e8ria primera juntament amb els <strong>valors<\/strong> de cada empresa o marca. <\/div><\/div>[\/vc_column][vc_column min_height=&#8221;&#8221; bg_type=&#8221;&#8221; dima_canvas_style=&#8221;&#8221; translate_x=&#8221;0&#8243; dima_z_index=&#8221;0&#8243; delay=&#8221;&#8221; animate_item=&#8221;&#8221; delay_duration=&#8221;&#8221; delay_offset=&#8221;&#8221; width=&#8221;1\/4&#8243;]<div  class=\"dima-iconbox no-box text-center\" data-animate=transition.fadeIn data-delay=1500 style=\"\"><header  class=\"icon-box-header  box-none\"  ><div class=\"image-cropper thumb  medium   \" ><img loading=\"lazy\" decoding=\"async\" class=\"background-image\" src=\"https:\/\/www.thecloseconcept.com\/wp-content\/uploads\/2018\/02\/home_icon_3.png\" width=\"70\" height=\"53\" alt=\"\"><\/div><\/header><div  class=\"features-content\"  ><h5 class=\"features-title\" >Proximitat<\/h5><span class=\"dima-divider line-center line-hr small-line\"><\/span><strong>Proximitat necess\u00e0ria<\/strong> a tots els punts que configuren el mapa de la comunicaci\u00f3.<\/p>\n<\/div><\/div>[\/vc_column][vc_column min_height=&#8221;&#8221; bg_type=&#8221;&#8221; dima_canvas_style=&#8221;&#8221; translate_x=&#8221;0&#8243; dima_z_index=&#8221;0&#8243; delay=&#8221;&#8221; animate_item=&#8221;&#8221; delay_duration=&#8221;&#8221; delay_offset=&#8221;&#8221; width=&#8221;1\/4&#8243;]<div  class=\"dima-iconbox no-box text-center\" data-animate=transition.fadeIn data-delay=2000 style=\"\"><header  class=\"icon-box-header  box-none\"  ><div class=\"image-cropper thumb  medium   \" ><img loading=\"lazy\" decoding=\"async\" class=\"background-image\" src=\"https:\/\/www.thecloseconcept.com\/wp-content\/uploads\/2018\/02\/home_icon_4-2.png\" width=\"70\" height=\"53\" alt=\"\"><\/div><\/header><div  class=\"features-content\"  ><h5 class=\"features-title\" >Experi\u00e8ncia<\/h5><span class=\"dima-divider line-center line-hr small-line\"><\/span>Focalitzaci\u00f3 en <strong>qu\u00e8 podem fer<\/strong> pels clients, donant la <strong>m\u00e0xima import\u00e0ncia a com<\/strong> ho fem. <\/div><\/div>[\/vc_column][\/vc_row][vc_row section_content=&#8221;outside_container&#8221; equal_height=&#8221;true&#8221; bg_type=&#8221;bg_image&#8221; back_repeat=&#8221;no-repeat&#8221; dima_canvas_style=&#8221;&#8221; translate_x=&#8221;0&#8243; dima_z_index=&#8221;0&#8243; delay=&#8221;&#8221; animate_item=&#8221;&#8221; delay_duration=&#8221;&#8221; delay_offset=&#8221;&#8221; id=&#8221;&#8221; class=&#8221;home_block2_banner_row&#8221; di_bg_image=&#8221;5849&#8243; border_color=&#8221;&#8221; back_size=&#8221;cover!important&#8221; tutorials=&#8221;&#8221;][vc_column min_height=&#8221;&#8221; bg_type=&#8221;&#8221; dima_canvas_style=&#8221;&#8221; translate_x=&#8221;0&#8243; dima_z_index=&#8221;0&#8243; delay=&#8221;&#8221; animate_item=&#8221;&#8221; delay_duration=&#8221;&#8221; delay_offset=&#8221;&#8221; width=&#8221;1\/6&#8243;][\/vc_column][vc_column min_height=&#8221;&#8221; bg_type=&#8221;&#8221; dima_canvas_style=&#8221;&#8221; translate_x=&#8221;0&#8243; dima_z_index=&#8221;0&#8243; delay=&#8221;&#8221; animate_item=&#8221;&#8221; delay_duration=&#8221;&#8221; delay_offset=&#8221;&#8221; width=&#8221;1\/3&#8243; id=&#8221;&#8221; class=&#8221;home_block2_banner_row&#8221; style=&#8221;&#8221; border_color=&#8221;&#8221;][vc_wp_text el_class=&#8221;home_seccion_3&#8243;]<\/p>\n<h2><a href=\"https:\/\/www.thecloseconcept.com\/\/ca\/qui-som\/\">La comunicaci\u00f3<br \/>\nque ens uneix<\/a><\/h2>\n<hr \/>\n<p style=\"text-align: center;\"><strong>close communication\u00a0<\/strong><span class=\"text_ligth\">\u00e9s una<\/span><strong>\u00a0consultora de comunicaci\u00f3 integral independent. <\/strong>Al llarg de m\u00e9s de 25 anys<strong>, <\/strong>hem desenvolupat un estil de treball<span class=\"text_ligth\">\u00a0que es basa a aconseguir resultats a trav\u00e9s de la personalitzaci\u00f3 i de l&#8217;emoci\u00f3.<\/span><\/p>\n<p>[\/vc_wp_text][\/vc_column][vc_column min_height=&#8221;&#8221; bg_type=&#8221;&#8221; dima_canvas_style=&#8221;&#8221; translate_x=&#8221;0&#8243; dima_z_index=&#8221;0&#8243; delay=&#8221;&#8221; animate_item=&#8221;&#8221; delay_duration=&#8221;&#8221; delay_offset=&#8221;&#8221; width=&#8221;1\/3&#8243;]<div  class=\"container inner-container\" ><div class=\"ok-row\"><\/div><\/div>[\/vc_column][vc_column min_height=&#8221;&#8221; bg_type=&#8221;&#8221; dima_canvas_style=&#8221;&#8221; translate_x=&#8221;0&#8243; dima_z_index=&#8221;0&#8243; delay=&#8221;&#8221; animate_item=&#8221;&#8221; delay_duration=&#8221;&#8221; delay_offset=&#8221;&#8221; width=&#8221;1\/6&#8243;][\/vc_column][\/vc_row][vc_row section_content=&#8221;outside_container&#8221; bg_type=&#8221;bg_image&#8221; back_repeat=&#8221;no-repeat&#8221; dima_canvas_style=&#8221;&#8221; translate_x=&#8221;0&#8243; dima_z_index=&#8221;0&#8243; delay=&#8221;&#8221; animate_item=&#8221;&#8221; delay_duration=&#8221;&#8221; delay_offset=&#8221;&#8221; id=&#8221;&#8221; class=&#8221;home_block3_banner_row&#8221; di_bg_image=&#8221;46&#8243; back_size=&#8221;contain&#8221; border_color=&#8221;&#8221;][vc_column min_height=&#8221;&#8221; bg_type=&#8221;&#8221; dima_canvas_style=&#8221;&#8221; translate_x=&#8221;0&#8243; dima_z_index=&#8221;0&#8243; delay=&#8221;&#8221; animate_item=&#8221;&#8221; delay_duration=&#8221;&#8221; delay_offset=&#8221;&#8221; width=&#8221;1\/1&#8243;]<h2  class=\"dima-custom-heading\"  data-animate        = transition.swoopIn ><\/p>\n<h2 style=\"text-align: center;\"><a href=\"https:\/\/www.thecloseconcept.com\/\/servicios\/\">Un equip en sintonia,<br \/>\nun estil de comunicaci\u00f3 amb nom propi<\/a><\/h2>\n<hr \/>\n<p><\/h2>\n\t<div class=\"wpb_content_element \" >\n\t\t<div class=\"wpb_wrapper\">\n\t\t\t<p style=\"text-align: center;\">Comunicar \u00e9s el que ens agrada fer b\u00e9 perqu\u00e8 als nostres\u00a0clients i col\u00b7laboradors vulguin repetir sempre.<br \/>\nAmb nosaltres, a prop, <strong>close<\/strong>. Sempre amb el toc personal de Laura Pujol.<\/p>\n<h5 style=\"text-align: center; font-size: 24px;\"><a href=\"https:\/\/www.thecloseconcept.com\/\/ca\/serveis\/\">Comencem?<\/a><\/h5>\n\n\t\t<\/div> \n\t<\/div> [\/vc_column][\/vc_row][vc_row no_padding=&#8221;true&#8221; bg_type=&#8221;&#8221; dima_canvas_style=&#8221;&#8221; translate_x=&#8221;0&#8243; dima_z_index=&#8221;0&#8243; delay=&#8221;&#8221; animate_item=&#8221;&#8221; delay_duration=&#8221;&#8221; delay_offset=&#8221;&#8221; id=&#8221;&#8221; class=&#8221;home_block4_0_banner_row&#8221; css=&#8221;.vc_custom_1519208988533{margin-top: 35px !important;}&#8221; border_color=&#8221;&#8221;][vc_column min_height=&#8221;&#8221; bg_type=&#8221;&#8221; dima_canvas_style=&#8221;&#8221; translate_x=&#8221;0&#8243; dima_z_index=&#8221;0&#8243; delay=&#8221;&#8221; animate_item=&#8221;&#8221; delay_duration=&#8221;&#8221; delay_offset=&#8221;&#8221; width=&#8221;1\/1&#8243;]<h3  class=\"dima-custom-heading\"   ><\/p>\n<h2 style=\"text-align: center;\">The <span class=\"txt_blau\">closeconcept<\/span> presenta<\/h2>\n<hr \/>\n<p><\/h3>[\/vc_column][\/vc_row][vc_row no_padding=&#8221;true&#8221; bg_type=&#8221;&#8221; dima_canvas_style=&#8221;&#8221; translate_x=&#8221;0&#8243; dima_z_index=&#8221;0&#8243; delay=&#8221;&#8221; animate_item=&#8221;&#8221; delay_duration=&#8221;&#8221; delay_offset=&#8221;&#8221; id=&#8221;&#8221; class=&#8221;home_block4_banner_row&#8221; border_color=&#8221;&#8221; css=&#8221;.vc_custom_1519223374429{margin-bottom: 50px !important;}&#8221;][vc_column min_height=&#8221;&#8221; bg_type=&#8221;&#8221; dima_canvas_style=&#8221;&#8221; translate_x=&#8221;0&#8243; dima_z_index=&#8221;0&#8243; delay=&#8221;&#8221; animate_item=&#8221;&#8221; delay_duration=&#8221;&#8221; delay_offset=&#8221;&#8221; width=&#8221;1\/2&#8243;]\n\t<div class=\"wpb_content_element txt_home_video vc_custom_1523958280773\" >\n\t\t<div class=\"wpb_wrapper\">\n\t\t\t<p><strong><span class=\"txt_blau\">C<\/span><\/strong>reiem en relacions de confian\u00e7a<br \/>\ni transpar\u00e8ncia. Creiem a construir<br \/>\n<strong><span class=\"txt_blau\">L<\/span><\/strong>la\u00e7os coherents i duradors.<br \/>\nCreiem en la voluntat de servei,<br \/>\nen la involucraci\u00f3 i el compr<strong><span class=\"txt_blau\">O<\/span><\/strong>m\u00eds.<br \/>\nCreiem possible la <strong><span class=\"txt_blau\">S<\/span><\/strong>inergia<br \/>\nperfecta entre t\u00e0ctica i estrat\u00e8gia.<br \/>\nCreiem en el treball fet a mida,<br \/>\nfins a l&#8217;\u00faltim d<strong><span class=\"txt_blau\">E<\/span><\/strong>tall.<br \/>\n<strong><span class=\"txt_blau\">C<\/span><\/strong>reiem en una comunicaci\u00f3 diferent,<br \/>\nfeta amb e<strong><span class=\"txt_blau\">L<\/span><\/strong>s 5 sentits<br \/>\n(m\u00e9s el sentit c<strong><span class=\"txt_blau\">O<\/span><\/strong>m\u00fa)<br \/>\nper arribar a les persone<strong><span class=\"txt_blau\">S<\/span><\/strong>.<br \/>\nSempr<span class=\"txt_blau\"><strong>E<\/strong><\/span>. <span class=\"txt_blau\"><strong>CLOSE<\/strong><\/span><\/p>\n\n\t\t<\/div> \n\t<\/div> [\/vc_column][vc_column min_height=&#8221;&#8221; bg_type=&#8221;&#8221; dima_canvas_style=&#8221;&#8221; translate_x=&#8221;0&#8243; dima_z_index=&#8221;0&#8243; delay=&#8221;&#8221; animate_item=&#8221;&#8221; delay_duration=&#8221;&#8221; delay_offset=&#8221;&#8221; width=&#8221;1\/2&#8243;]<div   class=\"dima-video embed\" ><div class=\"embed-responsive embed-responsive-16by9\"><iframe loading=\"lazy\" src=\"https:\/\/player.vimeo.com\/video\/30987288?title=0&amp;byline=0&amp;portrait=0\" width=\"400\" height=\"225\" frameborder=\"0\" allowfullscreen=\"allowfullscreen\" data-mce-fragment=\"1\"><\/iframe><\/div><\/div>[\/vc_column][\/vc_row][vc_row no_padding=&#8221;true&#8221; equal_height=&#8221;true&#8221; bg_type=&#8221;&#8221; dima_canvas_style=&#8221;&#8221; translate_x=&#8221;0&#8243; dima_z_index=&#8221;0&#8243; delay=&#8221;&#8221; animate_item=&#8221;&#8221; delay_duration=&#8221;&#8221; delay_offset=&#8221;&#8221; id=&#8221;&#8221; class=&#8221;home_block5_banner_row&#8221; border_color=&#8221;&#8221; css=&#8221;.vc_custom_1519226534941{padding-top: 55px !important;padding-bottom: 35px !important;}&#8221;][vc_column min_height=&#8221;&#8221; bg_type=&#8221;&#8221; dima_canvas_style=&#8221;&#8221; translate_x=&#8221;0&#8243; dima_z_index=&#8221;0&#8243; delay=&#8221;&#8221; animate_item=&#8221;&#8221; delay_duration=&#8221;&#8221; delay_offset=&#8221;&#8221; width=&#8221;1\/1&#8243;][vc_wp_text el_class=&#8221;header_blog_list_home&#8221;]<\/p>\n<h2 style=\"text-align: center;\">Laura&amp;Friends. \u00daltims posts<\/h2>\n<hr \/>\n<p>[\/vc_wp_text]\n\t<div  class=\"dima-isotope-wrapper clearfix dima-layout-grid\">\n\t\t\t<div class=\"dcl-m-3 boxed-blog blog-list grid-masonry clearfix\" data-animate=transition.slideUpIn data-delay=30 data-offset=98% data-dima-animate-item=.post data-duration=750>\n\t  <div class=\"dima-blocks dima-justify-start flex-wrap flex\">\n\t\t<article class=\" home_blog_item article-separation post-8976 post type-post status-publish format-standard has-post-thumbnail hentry category-reflections-close-ca\" >\n\n\t\n<header>\n\t\t\t<h2 class=\"entry-title\">\n\t\t\t<a href=\"https:\/\/www.thecloseconcept.com\/ca\/traduccio\/\"\n\t\t\t   title=\"Permalink to: &quot;L&#8217;\u00e0nima de la paraula&quot;\">\n\t\t\t\tL&#8217;\u00e0nima de la paraula\t\t\t<\/a>\n\t\t<\/h2>\n\t<\/header>\n\t\t<div class=\"post-img\"><div class=\" post-feature\"><a href=\"https:\/\/www.thecloseconcept.com\/ca\/traduccio\/\"><img loading=\"lazy\" decoding=\"async\" width=\"585\" height=\"385\" src=\"https:\/\/www.thecloseconcept.com\/wp-content\/uploads\/2026\/04\/traduccion-laura-pujol-close-585x385.jpg\" class=\"attachment-dima-grid-image size-dima-grid-image  wp-post-image\" alt=\"(c) istock\" srcset=\"https:\/\/www.thecloseconcept.com\/wp-content\/uploads\/2026\/04\/traduccion-laura-pujol-close-585x385.jpg 585w, https:\/\/www.thecloseconcept.com\/wp-content\/uploads\/2026\/04\/traduccion-laura-pujol-close-300x198.jpg 300w, https:\/\/www.thecloseconcept.com\/wp-content\/uploads\/2026\/04\/traduccion-laura-pujol-close-370x245.jpg 370w\" sizes=\"auto, (max-width: 585px) 100vw, 585px\" \/><\/a><\/div><\/div>\t\t<div class=\"post-meta\"><ul class=\"flex justify-between\"><li class=\"post-on text-start\"><a href=\"https:\/\/www.thecloseconcept.com\/ca\/traduccio\/\">\n\t\t\t<time class=\"entry-date\" datetime=\"2026-04-05T23:31:25+02:00\"> abril 5, 2026<\/time>\n\t\t\t<time class=\"updated hide\" datetime=\"2026-04-05T23:33:05+02:00\"> abril 5, 2026<\/time>\n\t\t\t<\/a> <span class=\"entry-author\">By <a href=\"https:\/\/www.thecloseconcept.com\/ca\/author\/equipo-close\/\" rel=\"author\" class=\"vcard\"><span  class=\"fn\">Equipo close<\/span><\/a><\/span><\/li><li class=\"flex\"><span class=\"post-view\"><svg xmlns=\"http:\/\/www.w3.org\/2000\/svg\" width=\"48\" height=\"48\" viewBox=\"0 0 48 48\"><path d=\"M34 6H14c-2.21 0-3.98 1.79-3.98 4L10 42l14-6 14 6V10c0-2.21-1.79-4-4-4z\" \/><\/svg><a href=\"https:\/\/www.thecloseconcept.com\/ca\/category\/reflections-close-ca\/\" title=\"View all posts in: &ldquo;Reflections close&rdquo;\" rel=\"category tag\"> Reflections close<\/a><\/span><\/li><\/ul><\/div>\t<div class=\"entry-content entry-content text-start\">\n\t\tVa haver-hi un temps en que traduir era un art silenci\u00f3s. Un ofici de taula, llum c\u00e0lid i diccionari obert. Avui, en canvi, traduir succeeix en la pantalla d&#39;un...<a class=\"read-more-icon\" href=\"https:\/\/www.thecloseconcept.com\/ca\/?post_type=post&p=8976\" aria-label=\"Read More\"><svg xmlns=\"http:\/\/www.w3.org\/2000\/svg\" width=\"48\" height=\"48\" viewBox=\"0 0 48 48\"><path d=\"M12 20c-2.21 0-4 1.79-4 4s1.79 4 4 4 4-1.79 4-4-1.79-4-4-4zm24 0c-2.21 0-4 1.79-4 4s1.79 4 4 4 4-1.79 4-4-1.79-4-4-4zm-12 0c-2.21 0-4 1.79-4 4s1.79 4 4 4 4-1.79 4-4-1.79-4-4-4z\"\/><\/svg><\/a>\n\t<\/div>\n\n<\/article>\n<article class=\" home_blog_item article-separation post-8966 post type-post status-publish format-standard has-post-thumbnail hentry category-reflections-close-ca\" >\n\n\t\n<header>\n\t\t\t<h2 class=\"entry-title\">\n\t\t\t<a href=\"https:\/\/www.thecloseconcept.com\/ca\/tenologia\/\"\n\t\t\t   title=\"Permalink to: &quot;Tecnologia: fil invisible que ens uneix\u2026 o ens embolica&quot;\">\n\t\t\t\tTecnologia: fil invisible que ens uneix\u2026 o ens embolica\t\t\t<\/a>\n\t\t<\/h2>\n\t<\/header>\n\t\t<div class=\"post-img\"><div class=\" post-feature\"><a href=\"https:\/\/www.thecloseconcept.com\/ca\/tenologia\/\"><img loading=\"lazy\" decoding=\"async\" width=\"585\" height=\"385\" src=\"https:\/\/www.thecloseconcept.com\/wp-content\/uploads\/2026\/03\/tecnologia-que-enreda-585x385.jpg\" class=\"attachment-dima-grid-image size-dima-grid-image  wp-post-image\" alt=\"\" srcset=\"https:\/\/www.thecloseconcept.com\/wp-content\/uploads\/2026\/03\/tecnologia-que-enreda-585x385.jpg 585w, https:\/\/www.thecloseconcept.com\/wp-content\/uploads\/2026\/03\/tecnologia-que-enreda-370x245.jpg 370w\" sizes=\"auto, (max-width: 585px) 100vw, 585px\" \/><\/a><\/div><\/div>\t\t<div class=\"post-meta\"><ul class=\"flex justify-between\"><li class=\"post-on text-start\"><a href=\"https:\/\/www.thecloseconcept.com\/ca\/tenologia\/\">\n\t\t\t<time class=\"entry-date\" datetime=\"2026-03-10T16:39:14+02:00\"> mar\u00e7 10, 2026<\/time>\n\t\t\t<time class=\"updated hide\" datetime=\"2026-03-10T16:39:18+02:00\"> mar\u00e7 10, 2026<\/time>\n\t\t\t<\/a> <span class=\"entry-author\">By <a href=\"https:\/\/www.thecloseconcept.com\/ca\/author\/equipo-close\/\" rel=\"author\" class=\"vcard\"><span  class=\"fn\">Equipo close<\/span><\/a><\/span><\/li><li class=\"flex\"><span class=\"post-view\"><svg xmlns=\"http:\/\/www.w3.org\/2000\/svg\" width=\"48\" height=\"48\" viewBox=\"0 0 48 48\"><path d=\"M34 6H14c-2.21 0-3.98 1.79-3.98 4L10 42l14-6 14 6V10c0-2.21-1.79-4-4-4z\" \/><\/svg><a href=\"https:\/\/www.thecloseconcept.com\/ca\/category\/reflections-close-ca\/\" title=\"View all posts in: &ldquo;Reflections close&rdquo;\" rel=\"category tag\"> Reflections close<\/a><\/span><\/li><\/ul><\/div>\t<div class=\"entry-content entry-content text-start\">\n\t\tAl mat\u00ed, abans fins i tot del primer caf\u00e8, milions de persones llisquen el dit per la pantalla del m\u00f2bil amb un gest gaireb\u00e9 ritual. La tecnologia ens connecta...<a class=\"read-more-icon\" href=\"https:\/\/www.thecloseconcept.com\/ca\/?post_type=post&p=8966\" aria-label=\"Read More\"><svg xmlns=\"http:\/\/www.w3.org\/2000\/svg\" width=\"48\" height=\"48\" viewBox=\"0 0 48 48\"><path d=\"M12 20c-2.21 0-4 1.79-4 4s1.79 4 4 4 4-1.79 4-4-1.79-4-4-4zm24 0c-2.21 0-4 1.79-4 4s1.79 4 4 4 4-1.79 4-4-1.79-4-4-4zm-12 0c-2.21 0-4 1.79-4 4s1.79 4 4 4 4-1.79 4-4-1.79-4-4-4z\"\/><\/svg><\/a>\n\t<\/div>\n\n<\/article>\n<article class=\" home_blog_item article-separation post-8958 post type-post status-publish format-standard has-post-thumbnail hentry category-reflections-close-ca\" >\n\n\t\n<header>\n\t\t\t<h2 class=\"entry-title\">\n\t\t\t<a href=\"https:\/\/www.thecloseconcept.com\/ca\/silenci\/\"\n\t\t\t   title=\"Permalink to: &quot;Silenci: un b\u00e9 esc\u00e0s&quot;\">\n\t\t\t\tSilenci: un b\u00e9 esc\u00e0s\t\t\t<\/a>\n\t\t<\/h2>\n\t<\/header>\n\t\t<div class=\"post-img\"><div class=\" post-feature\"><a href=\"https:\/\/www.thecloseconcept.com\/ca\/silenci\/\"><img loading=\"lazy\" decoding=\"async\" width=\"585\" height=\"385\" src=\"https:\/\/www.thecloseconcept.com\/wp-content\/uploads\/2026\/02\/boat-1992136_1280-585x385.jpg\" class=\"attachment-dima-grid-image size-dima-grid-image  wp-post-image\" alt=\"\" srcset=\"https:\/\/www.thecloseconcept.com\/wp-content\/uploads\/2026\/02\/boat-1992136_1280-585x385.jpg 585w, https:\/\/www.thecloseconcept.com\/wp-content\/uploads\/2026\/02\/boat-1992136_1280-370x245.jpg 370w\" sizes=\"auto, (max-width: 585px) 100vw, 585px\" \/><\/a><\/div><\/div>\t\t<div class=\"post-meta\"><ul class=\"flex justify-between\"><li class=\"post-on text-start\"><a href=\"https:\/\/www.thecloseconcept.com\/ca\/silenci\/\">\n\t\t\t<time class=\"entry-date\" datetime=\"2026-02-06T16:56:05+02:00\"> febrer 6, 2026<\/time>\n\t\t\t<time class=\"updated hide\" datetime=\"2026-02-06T16:56:09+02:00\"> febrer 6, 2026<\/time>\n\t\t\t<\/a> <span class=\"entry-author\">By <a href=\"https:\/\/www.thecloseconcept.com\/ca\/author\/equipo-close\/\" rel=\"author\" class=\"vcard\"><span  class=\"fn\">Equipo close<\/span><\/a><\/span><\/li><li class=\"flex\"><span class=\"post-view\"><svg xmlns=\"http:\/\/www.w3.org\/2000\/svg\" width=\"48\" height=\"48\" viewBox=\"0 0 48 48\"><path d=\"M34 6H14c-2.21 0-3.98 1.79-3.98 4L10 42l14-6 14 6V10c0-2.21-1.79-4-4-4z\" \/><\/svg><a href=\"https:\/\/www.thecloseconcept.com\/ca\/category\/reflections-close-ca\/\" title=\"View all posts in: &ldquo;Reflections close&rdquo;\" rel=\"category tag\"> Reflections close<\/a><\/span><\/li><\/ul><\/div>\t<div class=\"entry-content entry-content text-start\">\n\t\tImaginem que avui ens proposem no parlar. No respondre missatges. No opinar. No explicar. No enviar \u00e0udios de tres minuts dient \u201cperd\u00f3 pel rotllo\u201d. Us sona radical o temptador?...<a class=\"read-more-icon\" href=\"https:\/\/www.thecloseconcept.com\/ca\/?post_type=post&p=8958\" aria-label=\"Read More\"><svg xmlns=\"http:\/\/www.w3.org\/2000\/svg\" width=\"48\" height=\"48\" viewBox=\"0 0 48 48\"><path d=\"M12 20c-2.21 0-4 1.79-4 4s1.79 4 4 4 4-1.79 4-4-1.79-4-4-4zm24 0c-2.21 0-4 1.79-4 4s1.79 4 4 4 4-1.79 4-4-1.79-4-4-4zm-12 0c-2.21 0-4 1.79-4 4s1.79 4 4 4 4-1.79 4-4-1.79-4-4-4z\"\/><\/svg><\/a>\n\t<\/div>\n\n<\/article>\n\t  <\/div>\n\t  <\/div>\n\t<\/div>\n\t\t[\/vc_column][\/vc_row]<\/p>\n","protected":false},"excerpt":{"rendered":"<p>[vc_row no_padding=&#8221;true&#8221; bg_type=&#8221;&#8221; dima_canvas_style=&#8221;&#8221; translate_x=&#8221;0&#8243; dima_z_index=&#8221;0&#8243; delay=&#8221;&#8221; animate_item=&#8221;&#8221; delay_duration=&#8221;&#8221; delay_offset=&#8221;&#8221; id=&#8221;&#8221; class=&#8221;&#8221; border_color=&#8221;&#8221; css=&#8221;.vc_custom_1518794767531{margin-top: 10px !important;}&#8221;][vc_column min_height=&#8221;&#8221; bg_type=&#8221;&#8221; dima_canvas_style=&#8221;&#8221; translate_x=&#8221;0&#8243; dima_z_index=&#8221;0&#8243; delay=&#8221;&#8221; animate_item=&#8221;&#8221; delay_duration=&#8221;&#8221; delay_offset=&#8221;&#8221; width=&#8221;1\/1&#8243; id=&#8221;&#8221; class=&#8221;home_icon_header&#8221; style=&#8221;&#8221; border_color=&#8221;&#8221;][\/vc_column][\/vc_row][vc_row section_content=&#8221;inside_container&#8221; no_padding=&#8221;true&#8221; bg_type=&#8221;&#8221; dima_canvas_style=&#8221;&#8221; translate_x=&#8221;0&#8243; dima_z_index=&#8221;0&#8243; delay=&#8221;&#8221; animate_item=&#8221;&#8221; delay_duration=&#8221;&#8221; delay_offset=&#8221;&#8221; id=&#8221;&#8221; class=&#8221;iconos_home&#8221; border_color=&#8221;&#8221; css=&#8221;.vc_custom_1518795228576{margin-bottom: 150px !important;}&#8221;][vc_column min_height=&#8221;&#8221; bg_type=&#8221;&#8221; dima_canvas_style=&#8221;&#8221; translate_x=&#8221;0&#8243; dima_z_index=&#8221;0&#8243; delay=&#8221;&#8221; animate_item=&#8221;&#8221; delay_duration=&#8221;&#8221; delay_offset=&#8221;&#8221; [&hellip;]<\/p>\n","protected":false},"author":1,"featured_media":0,"parent":0,"menu_order":0,"comment_status":"closed","ping_status":"closed","template":"","meta":{"footnotes":""},"class_list":["post-6001","page","type-page","status-publish","hentry"],"amp_enabled":false,"_links":{"self":[{"href":"https:\/\/www.thecloseconcept.com\/ca\/wp-json\/wp\/v2\/pages\/6001","targetHints":{"allow":["GET"]}}],"collection":[{"href":"https:\/\/www.thecloseconcept.com\/ca\/wp-json\/wp\/v2\/pages"}],"about":[{"href":"https:\/\/www.thecloseconcept.com\/ca\/wp-json\/wp\/v2\/types\/page"}],"author":[{"embeddable":true,"href":"https:\/\/www.thecloseconcept.com\/ca\/wp-json\/wp\/v2\/users\/1"}],"replies":[{"embeddable":true,"href":"https:\/\/www.thecloseconcept.com\/ca\/wp-json\/wp\/v2\/comments?post=6001"}],"version-history":[{"count":19,"href":"https:\/\/www.thecloseconcept.com\/ca\/wp-json\/wp\/v2\/pages\/6001\/revisions"}],"predecessor-version":[{"id":6588,"href":"https:\/\/www.thecloseconcept.com\/ca\/wp-json\/wp\/v2\/pages\/6001\/revisions\/6588"}],"wp:attachment":[{"href":"https:\/\/www.thecloseconcept.com\/ca\/wp-json\/wp\/v2\/media?parent=6001"}],"curies":[{"name":"wp","href":"https:\/\/api.w.org\/{rel}","templated":true}]}}